{"id":12,"date":"2023-09-27T12:48:37","date_gmt":"2023-09-27T12:48:37","guid":{"rendered":"https:\/\/thechurch.marketing\/?page_id=12"},"modified":"2023-10-14T14:00:23","modified_gmt":"2023-10-14T14:00:23","slug":"elementor-12","status":"publish","type":"page","link":"https:\/\/thechurch.marketing\/","title":{"rendered":"Postagens mais recentes"},"content":{"rendered":"<div style=\"text-align:center\"><img fetchpriority=\"high\" decoding=\"async\" width=\"1640\" height=\"924\" src=\"https:\/\/thechurch.marketing\/wp-content\/uploads\/2023\/09\/202309-Social-Media.png\" class=\"attachment-post-thumbnail size-post-thumbnail wp-post-image\" alt=\"Charity Commission publica guia para o uso de plataformas de m\u00eddias sociais\" title=\"Charity Commission publica guia para o uso de plataformas de m\u00eddias sociais\" srcset=\"https:\/\/thechurch.marketing\/wp-content\/uploads\/2023\/09\/202309-Social-Media.png 1640w, https:\/\/thechurch.marketing\/wp-content\/uploads\/2023\/09\/202309-Social-Media-300x169.png 300w, https:\/\/thechurch.marketing\/wp-content\/uploads\/2023\/09\/202309-Social-Media-1024x577.png 1024w, https:\/\/thechurch.marketing\/wp-content\/uploads\/2023\/09\/202309-Social-Media-768x433.png 768w, https:\/\/thechurch.marketing\/wp-content\/uploads\/2023\/09\/202309-Social-Media-1536x865.png 1536w\" sizes=\"(max-width: 1640px) 100vw, 1640px\" \/><\/div>\t\t<div data-elementor-type=\"wp-post\" data-elementor-id=\"12\" class=\"elementor elementor-12\" data-elementor-post-type=\"page\">\n\t\t\t\t<div class=\"elementor-element elementor-element-d7efb65 e-flex e-con-boxed e-con e-parent\" data-id=\"d7efb65\" data-element_type=\"container\">\n\t\t\t\t\t<div class=\"e-con-inner\">\n\t\t\t\t<div class=\"elementor-element elementor-element-56857d6 elementor-widget elementor-widget-image\" data-id=\"56857d6\" data-element_type=\"widget\" data-widget_type=\"image.default\">\n\t\t\t\t<div class=\"elementor-widget-container\">\n\t\t\t\t\t\t\t\t\t\t\t\t\t\t\t<img decoding=\"async\" width=\"800\" height=\"296\" src=\"https:\/\/thechurch.marketing\/wp-content\/uploads\/2023\/09\/Churrch-Ad-on-London-Double-deck-Bus.png\" class=\"attachment-large size-large wp-image-23\" alt=\"\" srcset=\"https:\/\/thechurch.marketing\/wp-content\/uploads\/2023\/09\/Churrch-Ad-on-London-Double-deck-Bus.png 851w, https:\/\/thechurch.marketing\/wp-content\/uploads\/2023\/09\/Churrch-Ad-on-London-Double-deck-Bus-300x111.png 300w, https:\/\/thechurch.marketing\/wp-content\/uploads\/2023\/09\/Churrch-Ad-on-London-Double-deck-Bus-768x284.png 768w\" sizes=\"(max-width: 800px) 100vw, 800px\" \/>\t\t\t\t\t\t\t\t\t\t\t\t\t\t\t<\/div>\n\t\t\t\t<\/div>\n\t\t\t\t\t<\/div>\n\t\t\t\t<\/div>\n\t\t<div class=\"elementor-element elementor-element-3ae9ce5 e-con-full e-flex e-con e-parent\" data-id=\"3ae9ce5\" data-element_type=\"container\">\n\t\t\t\t<div class=\"elementor-element elementor-element-14c2212 elementor-widget__width-initial elementor-posts--align-left elementor-grid-3 elementor-grid-tablet-2 elementor-grid-mobile-1 elementor-posts--thumbnail-top elementor-widget elementor-widget-posts\" data-id=\"14c2212\" data-element_type=\"widget\" data-settings=\"{&quot;classic_masonry&quot;:&quot;yes&quot;,&quot;classic_row_gap&quot;:{&quot;unit&quot;:&quot;px&quot;,&quot;size&quot;:0,&quot;sizes&quot;:[]},&quot;classic_columns&quot;:&quot;3&quot;,&quot;classic_columns_tablet&quot;:&quot;2&quot;,&quot;classic_columns_mobile&quot;:&quot;1&quot;,&quot;classic_row_gap_tablet&quot;:{&quot;unit&quot;:&quot;px&quot;,&quot;size&quot;:&quot;&quot;,&quot;sizes&quot;:[]},&quot;classic_row_gap_mobile&quot;:{&quot;unit&quot;:&quot;px&quot;,&quot;size&quot;:&quot;&quot;,&quot;sizes&quot;:[]}}\" data-widget_type=\"posts.classic\">\n\t\t\t\t<div class=\"elementor-widget-container\">\n\t\t\t\t\t\t\t<div class=\"elementor-posts-container elementor-posts elementor-posts--skin-classic elementor-grid\">\n\t\t\t\t<article class=\"elementor-post elementor-grid-item post-524 post type-post status-publish format-standard has-post-thumbnail hentry category-uncategorized\">\n\t\t\t\t<a class=\"elementor-post__thumbnail__link\" href=\"https:\/\/thechurch.marketing\/?p=524\" tabindex=\"-1\" >\n\t\t\t<div class=\"elementor-post__thumbnail\"><img decoding=\"async\" width=\"300\" height=\"169\" src=\"https:\/\/thechurch.marketing\/wp-content\/uploads\/2023\/11\/202311-HMRC-Beneficios-Familia-1-300x169.png\" class=\"attachment-medium size-medium wp-image-526\" alt=\"\" srcset=\"https:\/\/thechurch.marketing\/wp-content\/uploads\/2023\/11\/202311-HMRC-Beneficios-Familia-1-300x169.png 300w, https:\/\/thechurch.marketing\/wp-content\/uploads\/2023\/11\/202311-HMRC-Beneficios-Familia-1-1024x576.png 1024w, https:\/\/thechurch.marketing\/wp-content\/uploads\/2023\/11\/202311-HMRC-Beneficios-Familia-1-768x432.png 768w, https:\/\/thechurch.marketing\/wp-content\/uploads\/2023\/11\/202311-HMRC-Beneficios-Familia-1-1536x864.png 1536w, https:\/\/thechurch.marketing\/wp-content\/uploads\/2023\/11\/202311-HMRC-Beneficios-Familia-1.png 1920w\" sizes=\"(max-width: 300px) 100vw, 300px\" \/><\/div>\n\t\t<\/a>\n\t\t\t\t<div class=\"elementor-post__text\">\n\t\t\t\t<h3 class=\"elementor-post__title\">\n\t\t\t<a href=\"https:\/\/thechurch.marketing\/?p=524\" >\n\t\t\t\tHMRC oferece suporte para refor\u00e7ar as suas finan\u00e7as\t\t\t<\/a>\n\t\t<\/h3>\n\t\t\t\t<div class=\"elementor-post__meta-data\">\n\t\t\t\t\t<span class=\"elementor-post-date\">\n\t\t\tnovembro 6, 2023\t\t<\/span>\n\t\t\t\t<span class=\"elementor-post-avatar\">\n\t\t\tNenhum coment\u00e1rio\t\t<\/span>\n\t\t\t\t<\/div>\n\t\t\n\t\t<a class=\"elementor-post__read-more\" href=\"https:\/\/thechurch.marketing\/?p=524\" aria-label=\"Read more about HMRC oferece suporte para refor\u00e7ar as suas finan\u00e7as\" tabindex=\"-1\" >\n\t\t\tLeia mais \u00bb\t\t<\/a>\n\n\t\t\t\t<\/div>\n\t\t\t\t<\/article>\n\t\t\t\t<article class=\"elementor-post elementor-grid-item post-476 post type-post status-publish format-standard has-post-thumbnail hentry category-uncategorized\">\n\t\t\t\t<a class=\"elementor-post__thumbnail__link\" href=\"https:\/\/thechurch.marketing\/?p=476\" tabindex=\"-1\" >\n\t\t\t<div class=\"elementor-post__thumbnail\"><img loading=\"lazy\" decoding=\"async\" width=\"300\" height=\"169\" src=\"https:\/\/thechurch.marketing\/wp-content\/uploads\/2023\/11\/Homeless-1-300x169.png\" class=\"attachment-medium size-medium wp-image-478\" alt=\"\" srcset=\"https:\/\/thechurch.marketing\/wp-content\/uploads\/2023\/11\/Homeless-1-300x169.png 300w, https:\/\/thechurch.marketing\/wp-content\/uploads\/2023\/11\/Homeless-1-1024x576.png 1024w, https:\/\/thechurch.marketing\/wp-content\/uploads\/2023\/11\/Homeless-1-768x432.png 768w, https:\/\/thechurch.marketing\/wp-content\/uploads\/2023\/11\/Homeless-1-1536x864.png 1536w, https:\/\/thechurch.marketing\/wp-content\/uploads\/2023\/11\/Homeless-1.png 1920w\" sizes=\"(max-width: 300px) 100vw, 300px\" \/><\/div>\n\t\t<\/a>\n\t\t\t\t<div class=\"elementor-post__text\">\n\t\t\t\t<h3 class=\"elementor-post__title\">\n\t\t\t<a href=\"https:\/\/thechurch.marketing\/?p=476\" >\n\t\t\t\tCharity Commission investiga organiza\u00e7\u00e3o de assist\u00eancia social por poss\u00edvel m\u00e1 gest\u00e3o\t\t\t<\/a>\n\t\t<\/h3>\n\t\t\t\t<div class=\"elementor-post__meta-data\">\n\t\t\t\t\t<span class=\"elementor-post-date\">\n\t\t\tnovembro 4, 2023\t\t<\/span>\n\t\t\t\t<span class=\"elementor-post-avatar\">\n\t\t\tNenhum coment\u00e1rio\t\t<\/span>\n\t\t\t\t<\/div>\n\t\t\n\t\t<a class=\"elementor-post__read-more\" href=\"https:\/\/thechurch.marketing\/?p=476\" aria-label=\"Read more about Charity Commission investiga organiza\u00e7\u00e3o de assist\u00eancia social por poss\u00edvel m\u00e1 gest\u00e3o\" tabindex=\"-1\" >\n\t\t\tLeia mais \u00bb\t\t<\/a>\n\n\t\t\t\t<\/div>\n\t\t\t\t<\/article>\n\t\t\t\t<article class=\"elementor-post elementor-grid-item post-438 post type-post status-publish format-standard has-post-thumbnail hentry category-uncategorized\">\n\t\t\t\t<a class=\"elementor-post__thumbnail__link\" href=\"https:\/\/thechurch.marketing\/?p=438\" tabindex=\"-1\" >\n\t\t\t<div class=\"elementor-post__thumbnail\"><img loading=\"lazy\" decoding=\"async\" width=\"300\" height=\"169\" src=\"https:\/\/thechurch.marketing\/wp-content\/uploads\/2023\/10\/DBS-Check-300x169.png\" class=\"attachment-medium size-medium wp-image-455\" alt=\"\" srcset=\"https:\/\/thechurch.marketing\/wp-content\/uploads\/2023\/10\/DBS-Check-300x169.png 300w, https:\/\/thechurch.marketing\/wp-content\/uploads\/2023\/10\/DBS-Check-1024x577.png 1024w, https:\/\/thechurch.marketing\/wp-content\/uploads\/2023\/10\/DBS-Check-768x433.png 768w, https:\/\/thechurch.marketing\/wp-content\/uploads\/2023\/10\/DBS-Check-1536x865.png 1536w, https:\/\/thechurch.marketing\/wp-content\/uploads\/2023\/10\/DBS-Check.png 1640w\" sizes=\"(max-width: 300px) 100vw, 300px\" \/><\/div>\n\t\t<\/a>\n\t\t\t\t<div class=\"elementor-post__text\">\n\t\t\t\t<h3 class=\"elementor-post__title\">\n\t\t\t<a href=\"https:\/\/thechurch.marketing\/?p=438\" >\n\t\t\t\tEntenda o DBS e como ele pode evitar grandes problemas para a igreja local\t\t\t<\/a>\n\t\t<\/h3>\n\t\t\t\t<div class=\"elementor-post__meta-data\">\n\t\t\t\t\t<span class=\"elementor-post-date\">\n\t\t\toutubro 17, 2023\t\t<\/span>\n\t\t\t\t<span class=\"elementor-post-avatar\">\n\t\t\tNenhum coment\u00e1rio\t\t<\/span>\n\t\t\t\t<\/div>\n\t\t\n\t\t<a class=\"elementor-post__read-more\" href=\"https:\/\/thechurch.marketing\/?p=438\" aria-label=\"Read more about Entenda o DBS e como ele pode evitar grandes problemas para a igreja local\" tabindex=\"-1\" >\n\t\t\tLeia mais \u00bb\t\t<\/a>\n\n\t\t\t\t<\/div>\n\t\t\t\t<\/article>\n\t\t\t\t<article class=\"elementor-post elementor-grid-item post-246 post type-post status-publish format-standard has-post-thumbnail hentry category-uncategorized\">\n\t\t\t\t<a class=\"elementor-post__thumbnail__link\" href=\"https:\/\/thechurch.marketing\/?p=246\" tabindex=\"-1\" >\n\t\t\t<div class=\"elementor-post__thumbnail\"><img loading=\"lazy\" decoding=\"async\" width=\"300\" height=\"169\" src=\"https:\/\/thechurch.marketing\/wp-content\/uploads\/2023\/09\/202309-Check-list-Social-Media-300x169.png\" class=\"attachment-medium size-medium wp-image-214\" alt=\"\" srcset=\"https:\/\/thechurch.marketing\/wp-content\/uploads\/2023\/09\/202309-Check-list-Social-Media-300x169.png 300w, https:\/\/thechurch.marketing\/wp-content\/uploads\/2023\/09\/202309-Check-list-Social-Media-1024x577.png 1024w, https:\/\/thechurch.marketing\/wp-content\/uploads\/2023\/09\/202309-Check-list-Social-Media-768x433.png 768w, https:\/\/thechurch.marketing\/wp-content\/uploads\/2023\/09\/202309-Check-list-Social-Media-1536x865.png 1536w, https:\/\/thechurch.marketing\/wp-content\/uploads\/2023\/09\/202309-Check-list-Social-Media.png 1640w\" sizes=\"(max-width: 300px) 100vw, 300px\" \/><\/div>\n\t\t<\/a>\n\t\t\t\t<div class=\"elementor-post__text\">\n\t\t\t\t<h3 class=\"elementor-post__title\">\n\t\t\t<a href=\"https:\/\/thechurch.marketing\/?p=246\" >\n\t\t\t\tIgrejas e Institui\u00e7\u00f5es de caridade devem desenvolver pol\u00edtica de m\u00eddia social\t\t\t<\/a>\n\t\t<\/h3>\n\t\t\t\t<div class=\"elementor-post__meta-data\">\n\t\t\t\t\t<span class=\"elementor-post-date\">\n\t\t\tsetembro 29, 2023\t\t<\/span>\n\t\t\t\t<span class=\"elementor-post-avatar\">\n\t\t\t2 Coment\u00e1rios\t\t<\/span>\n\t\t\t\t<\/div>\n\t\t\n\t\t<a class=\"elementor-post__read-more\" href=\"https:\/\/thechurch.marketing\/?p=246\" aria-label=\"Read more about Igrejas e Institui\u00e7\u00f5es de caridade devem desenvolver pol\u00edtica de m\u00eddia social\" tabindex=\"-1\" >\n\t\t\tLeia mais \u00bb\t\t<\/a>\n\n\t\t\t\t<\/div>\n\t\t\t\t<\/article>\n\t\t\t\t<article class=\"elementor-post elementor-grid-item post-6 post type-post status-publish format-standard has-post-thumbnail hentry category-uncategorized\">\n\t\t\t\t<a class=\"elementor-post__thumbnail__link\" href=\"https:\/\/thechurch.marketing\/?p=6\" tabindex=\"-1\" >\n\t\t\t<div class=\"elementor-post__thumbnail\"><img loading=\"lazy\" decoding=\"async\" width=\"300\" height=\"169\" src=\"https:\/\/thechurch.marketing\/wp-content\/uploads\/2023\/09\/202309-Social-Media-300x169.png\" class=\"attachment-medium size-medium wp-image-122\" alt=\"\" srcset=\"https:\/\/thechurch.marketing\/wp-content\/uploads\/2023\/09\/202309-Social-Media-300x169.png 300w, https:\/\/thechurch.marketing\/wp-content\/uploads\/2023\/09\/202309-Social-Media-1024x577.png 1024w, https:\/\/thechurch.marketing\/wp-content\/uploads\/2023\/09\/202309-Social-Media-768x433.png 768w, https:\/\/thechurch.marketing\/wp-content\/uploads\/2023\/09\/202309-Social-Media-1536x865.png 1536w, https:\/\/thechurch.marketing\/wp-content\/uploads\/2023\/09\/202309-Social-Media.png 1640w\" sizes=\"(max-width: 300px) 100vw, 300px\" \/><\/div>\n\t\t<\/a>\n\t\t\t\t<div class=\"elementor-post__text\">\n\t\t\t\t<h3 class=\"elementor-post__title\">\n\t\t\t<a href=\"https:\/\/thechurch.marketing\/?p=6\" >\n\t\t\t\tCharity Commission publica guia para o uso de plataformas de m\u00eddias sociais\t\t\t<\/a>\n\t\t<\/h3>\n\t\t\t\t<div class=\"elementor-post__meta-data\">\n\t\t\t\t\t<span class=\"elementor-post-date\">\n\t\t\tsetembro 22, 2023\t\t<\/span>\n\t\t\t\t<span class=\"elementor-post-avatar\">\n\t\t\t4 Coment\u00e1rios\t\t<\/span>\n\t\t\t\t<\/div>\n\t\t\n\t\t<a class=\"elementor-post__read-more\" href=\"https:\/\/thechurch.marketing\/?p=6\" aria-label=\"Read more about Charity Commission publica guia para o uso de plataformas de m\u00eddias sociais\" tabindex=\"-1\" >\n\t\t\tLeia mais \u00bb\t\t<\/a>\n\n\t\t\t\t<\/div>\n\t\t\t\t<\/article>\n\t\t\t\t<\/div>\n\t\t\n\t\t\t\t\t\t<\/div>\n\t\t\t\t<\/div>\n\t\t\t\t<\/div>\n\t\t\t\t<\/div>\n\t\t","protected":false},"excerpt":{"rendered":"","protected":false},"author":1,"featured_media":0,"parent":0,"menu_order":0,"comment_status":"closed","ping_status":"closed","template":"elementor_header_footer","meta":{"footnotes":""},"_links":{"self":[{"href":"https:\/\/thechurch.marketing\/index.php?rest_route=\/wp\/v2\/pages\/12"}],"collection":[{"href":"https:\/\/thechurch.marketing\/index.php?rest_route=\/wp\/v2\/pages"}],"about":[{"href":"https:\/\/thechurch.marketing\/index.php?rest_route=\/wp\/v2\/types\/page"}],"author":[{"embeddable":true,"href":"https:\/\/thechurch.marketing\/index.php?rest_route=\/wp\/v2\/users\/1"}],"replies":[{"embeddable":true,"href":"https:\/\/thechurch.marketing\/index.php?rest_route=%2Fwp%2Fv2%2Fcomments&post=12"}],"version-history":[{"count":82,"href":"https:\/\/thechurch.marketing\/index.php?rest_route=\/wp\/v2\/pages\/12\/revisions"}],"predecessor-version":[{"id":437,"href":"https:\/\/thechurch.marketing\/index.php?rest_route=\/wp\/v2\/pages\/12\/revisions\/437"}],"wp:attachment":[{"href":"https:\/\/thechurch.marketing\/index.php?rest_route=%2Fwp%2Fv2%2Fmedia&parent=12"}],"curies":[{"name":"wp","href":"https:\/\/api.w.org\/{rel}","templated":true}]}}